{"id":581,"date":"2023-05-03T21:04:09","date_gmt":"2023-05-03T21:04:09","guid":{"rendered":"https:\/\/quinto-pino.com\/gallery\/"},"modified":"2023-06-05T20:58:19","modified_gmt":"2023-06-05T20:58:19","slug":"gallery","status":"publish","type":"page","link":"https:\/\/quinto-pino.com\/es\/gallery\/","title":{"rendered":"Galer\u00eda"},"content":{"rendered":"<p>[et_pb_section fb_built=\u00bb1&#8243; disabled_on=\u00bboff|off|off\u00bb admin_label=\u00bbHeader Section\u00bb _builder_version=\u00bb4.21.0&#8243; background_image=\u00bbhttps:\/\/quinto-pino.com\/wp-content\/uploads\/2023\/03\/qtq80-4pAKYU.jpeg\u00bb parallax=\u00bbon\u00bb module_alignment=\u00bbcenter\u00bb custom_margin=\u00bb|||\u00bb custom_padding=\u00bb6vw|0px|6vw|0px\u00bb bottom_divider_color=\u00bbrgba(5,41,66,0.3)\u00bb bottom_divider_height=\u00bb20vw\u00bb animation_style=\u00bbslide\u00bb animation_direction=\u00bbtop\u00bb animation_intensity_slide=\u00bb3%\u00bb animation_starting_opacity=\u00bb100%\u00bb global_colors_info=\u00bb{}\u00bb][et_pb_row disabled_on=\u00bboff|off|off\u00bb module_class=\u00bb et_pb_row_fullwidth\u00bb _builder_version=\u00bb4.16&#8243; width=\u00bb89%\u00bb width_tablet=\u00bb80%\u00bb width_phone=\u00bb80%\u00bb width_last_edited=\u00bbon|desktop\u00bb max_width=\u00bb89%\u00bb max_width_tablet=\u00bb80%\u00bb max_width_phone=\u00bb80%\u00bb max_width_last_edited=\u00bbon|desktop\u00bb custom_padding=\u00bb|||\u00bb make_fullwidth=\u00bbon\u00bb global_colors_info=\u00bb{}\u00bb][et_pb_column type=\u00bb4_4&#8243; _builder_version=\u00bb4.16&#8243; custom_padding=\u00bb|||\u00bb global_colors_info=\u00bb{}\u00bb custom_padding__hover=\u00bb|||\u00bb][et_pb_text disabled_on=\u00bboff|off|off\u00bb _builder_version=\u00bb4.21.0&#8243; text_font=\u00bbMontserrat||||||||\u00bb text_font_size=\u00bb22px\u00bb text_line_height=\u00bb1.8em\u00bb header_font=\u00bbMontserrat|600||on|||||\u00bb header_text_align=\u00bbcenter\u00bb header_font_size=\u00bb8vw\u00bb header_line_height=\u00bb1.5em\u00bb text_orientation=\u00bbcenter\u00bb background_layout=\u00bbdark\u00bb custom_margin=\u00bb|||\u00bb header_font_size_tablet=\u00bb50px\u00bb header_font_size_phone=\u00bb\u00bb header_font_size_last_edited=\u00bbon|desktop\u00bb header_line_height_tablet=\u00bb1.1em\u00bb header_line_height_phone=\u00bb1.2em\u00bb header_line_height_last_edited=\u00bboff|desktop\u00bb global_colors_info=\u00bb{}\u00bb]<\/p>\n<h1>Galer\u00eda<\/h1>\n<p>\u00ab<span>Recorrido por nuestra galer\u00eda<\/span>\u00ab<\/p>\n<p>[\/et_pb_text][\/et_pb_column][\/et_pb_row][\/et_pb_section][et_pb_section fb_built=\u00bb1&#8243; admin_label=\u00bbGallery Section\u00bb _builder_version=\u00bb4.16&#8243; custom_padding=\u00bb120px|0px|120px|0px\u00bb saved_tabs=\u00bball\u00bb global_colors_info=\u00bb{}\u00bb][et_pb_row column_structure=\u00bb1_2,1_2&#8243; _builder_version=\u00bb4.16&#8243; global_colors_info=\u00bb{}\u00bb][et_pb_column type=\u00bb1_2&#8243; _builder_version=\u00bb4.16&#8243; custom_padding=\u00bb|||\u00bb global_colors_info=\u00bb{}\u00bb custom_padding__hover=\u00bb|||\u00bb][et_pb_image src=\u00bbhttps:\/\/quinto-pino.com\/wp-content\/uploads\/2023\/05\/couplehumbs-up.png\u00bb title_text=\u00bbcouplehumbs up\u00bb show_in_lightbox=\u00bbon\u00bb use_overlay=\u00bbon\u00bb overlay_icon_color=\u00bb#f6961b\u00bb hover_overlay_color=\u00bbrgba(20,61,88,0.65)\u00bb hover_icon=\u00bb&#x2d;||divi||400&#8243; align_tablet=\u00bbcenter\u00bb align_phone=\u00bbcenter\u00bb align_last_edited=\u00bbon|desktop\u00bb _builder_version=\u00bb4.21.0&#8243; animation_style=\u00bbzoom\u00bb animation_intensity_zoom=\u00bb6%\u00bb global_colors_info=\u00bb{}\u00bb][\/et_pb_image][\/et_pb_column][et_pb_column type=\u00bb1_2&#8243; _builder_version=\u00bb4.16&#8243; custom_padding=\u00bb|||\u00bb global_colors_info=\u00bb{}\u00bb custom_padding__hover=\u00bb|||\u00bb][et_pb_gallery gallery_ids=\u00bb251,245,244,220,187,185,186,184,183,127,126,128,129,124,123,125,121&#8243; gallery_orderby=\u00bbrand\u00bb posts_number=\u00bb16&#8243; show_title_and_caption=\u00bboff\u00bb _builder_version=\u00bb4.21.0&#8243; _module_preset=\u00bbdefault\u00bb box_shadow_style_image=\u00bbpreset1&#8243; global_colors_info=\u00bb{}\u00bb][\/et_pb_gallery][\/et_pb_column][\/et_pb_row][et_pb_row column_structure=\u00bb1_2,1_2&#8243; _builder_version=\u00bb4.21.0&#8243; _module_preset=\u00bbdefault\u00bb global_colors_info=\u00bb{}\u00bb][et_pb_column type=\u00bb1_2&#8243; _builder_version=\u00bb4.21.0&#8243; _module_preset=\u00bbdefault\u00bb global_colors_info=\u00bb{}\u00bb][et_pb_code _builder_version=\u00bb4.21.0&#8243; _module_preset=\u00bbdefault\u00bb global_colors_info=\u00bb{}\u00bb]<iframe loading=\"lazy\" width=\"560\" height=\"315\" src=\"https:\/\/www.youtube.com\/embed\/37G9f1c-CMg\"title=\"YouTube video player\" frameborder=\"0\" allow=\"accelerometer; autoplay; clipboard-write; encrypted-media; gyroscope; picture-in-picture; web-share\" allowfullscreen><\/iframe>[\/et_pb_code][\/et_pb_column][et_pb_column type=\u00bb1_2&#8243; _builder_version=\u00bb4.21.0&#8243; _module_preset=\u00bbdefault\u00bb global_colors_info=\u00bb{}\u00bb][et_pb_code _builder_version=\u00bb4.21.0&#8243; _module_preset=\u00bbdefault\u00bb global_colors_info=\u00bb{}\u00bb]<iframe loading=\"lazy\" width=\"560\" height=\"315\" src=\"https:\/\/www.youtube.com\/embed\/R1PnD6q_0rk\" title=\"YouTube video player\" frameborder=\"0\" allow=\"accelerometer; autoplay; clipboard-write; encrypted-media; gyroscope; picture-in-picture; web-share\" allowfullscreen><\/iframe>[\/et_pb_code][\/et_pb_column][\/et_pb_row][\/et_pb_section][et_pb_section fb_built=\u00bb1&#8243; _builder_version=\u00bb4.21.0&#8243; _module_preset=\u00bbdefault\u00bb background_color=\u00bb#06619e\u00bb custom_padding=\u00bb0px||0px||true|false\u00bb global_colors_info=\u00bb{}\u00bb][et_pb_row column_structure=\u00bb1_3,1_3,1_3&#8243; _builder_version=\u00bb4.21.0&#8243; _module_preset=\u00bbdefault\u00bb global_colors_info=\u00bb{}\u00bb][et_pb_column type=\u00bb1_3&#8243; _builder_version=\u00bb4.21.0&#8243; _module_preset=\u00bbdefault\u00bb global_colors_info=\u00bb{}\u00bb][et_pb_image src=\u00bbhttps:\/\/quinto-pino.com\/wp-content\/uploads\/2023\/05\/quintologoyorange-trans-500-\u00d7-200-px-2.png\u00bb title_text=\u00bbquintologoyorange trans (500 \u00d7 200 px)\u00bb align=\u00bbcenter\u00bb _builder_version=\u00bb4.21.0&#8243; _module_preset=\u00bbdefault\u00bb custom_margin=\u00bb-25px||||false|false\u00bb global_colors_info=\u00bb{}\u00bb][\/et_pb_image][et_pb_social_media_follow icon_color=\u00bb#ffa500&#8243; _builder_version=\u00bb4.21.0&#8243; _module_preset=\u00bbdefault\u00bb text_orientation=\u00bbcenter\u00bb module_alignment=\u00bbcenter\u00bb custom_margin=\u00bb-12px||||false|false\u00bb custom_padding=\u00bb15px||15px||true|false\u00bb global_colors_info=\u00bb{}\u00bb][et_pb_social_media_follow_network social_network=\u00bbfacebook\u00bb url=\u00bbhttps:\/\/www.facebook.com\/quintopinoexperience\u00bb icon_color=\u00bbgcid-4fe685fa-06b6-443e-bda9-38f46204e3ef\u00bb use_icon_font_size=\u00bbon\u00bb _builder_version=\u00bb4.21.0&#8243; _module_preset=\u00bbdefault\u00bb background_color=\u00bbRGBA(255,255,255,0)\u00bb background_enable_color=\u00bbon\u00bb global_colors_info=\u00bb{%22gcid-4fe685fa-06b6-443e-bda9-38f46204e3ef%22:%91%22icon_color%22%93}\u00bb follow_button=\u00bboff\u00bb url_new_window=\u00bbon\u00bb]facebook[\/et_pb_social_media_follow_network][et_pb_social_media_follow_network social_network=\u00bbinstagram\u00bb url=\u00bbhttps:\/\/www.instagram.com\/quintopinoexperience\/\u00bb icon_color=\u00bb#ffa500&#8243; _builder_version=\u00bb4.21.0&#8243; _module_preset=\u00bbdefault\u00bb background_color=\u00bbRGBA(255,255,255,0)\u00bb background_enable_color=\u00bbon\u00bb global_colors_info=\u00bb{}\u00bb follow_button=\u00bboff\u00bb url_new_window=\u00bbon\u00bb]instagram[\/et_pb_social_media_follow_network][et_pb_social_media_follow_network social_network=\u00bbtwitter\u00bb _builder_version=\u00bb4.21.0&#8243; _module_preset=\u00bbdefault\u00bb background_color=\u00bbRGBA(255,255,255,0)\u00bb background_enable_color=\u00bbon\u00bb global_colors_info=\u00bb{}\u00bb follow_button=\u00bboff\u00bb url_new_window=\u00bbon\u00bb]twitter[\/et_pb_social_media_follow_network][\/et_pb_social_media_follow][\/et_pb_column][et_pb_column type=\u00bb1_3&#8243; _builder_version=\u00bb4.21.0&#8243; _module_preset=\u00bbdefault\u00bb global_colors_info=\u00bb{}\u00bb][et_pb_text _builder_version=\u00bb4.21.0&#8243; _module_preset=\u00bbc76de2bc-ffd2-47cd-abf4-c246fa213b13&#8243; text_font=\u00bbTimes New Roman||||||||\u00bb text_line_height=\u00bb1em\u00bb ul_font_size=\u00bb15px\u00bb header_4_text_color=\u00bbgcid-4fe685fa-06b6-443e-bda9-38f46204e3ef\u00bb text_orientation=\u00bbcenter\u00bb custom_margin=\u00bb|||0px|false|false\u00bb custom_css_main_element=\u00bb:link {||    color: #ffa500;||}||\/* next the :visited pseudo class *\/||:visited {||    color: #ffa500;||}||:hover {||    color: #000000;||    }||||||||\/* last we introduce the :active pseudo class *\/||\u00bb global_colors_info=\u00bb{%22gcid-4fe685fa-06b6-443e-bda9-38f46204e3ef%22:%91%22header_4_text_color%22%93}\u00bb theme_builder_area=\u00bbpost_content\u00bb]<\/p>\n<h4>Enlaces r\u00e1pidos<\/h4>\n<p><a href=\"https:\/\/quinto-pino.com\/es\/\">Inicio<\/a><\/p>\n<p><a href=\"https:\/\/quinto-pino.com\/es\/about-us\/\">Sobre nosotros<\/a><\/p>\n<p><a href=\"https:\/\/quinto-pino.com\/es\/contact\/\">Contacto<\/a><\/p>\n<p><a href=\"https:\/\/quinto-pino.com\/es\/gallery\/\">Galer\u00eda<\/a><\/p>\n<p><a href=\"https:\/\/quinto-pino.com\/es\/privacy-policy\/\">Pol\u00edtica de privacidad<\/a><\/p>\n<p><a href=\"https:\/\/quinto-pino.com\/es\/disclaimer\/\">Descargo de responsabilidad<\/a><\/p>\n<p>[\/et_pb_text][\/et_pb_column][et_pb_column type=\u00bb1_3&#8243; _builder_version=\u00bb4.21.0&#8243; _module_preset=\u00bbdefault\u00bb global_colors_info=\u00bb{}\u00bb][et_pb_text _builder_version=\u00bb4.21.0&#8243; _module_preset=\u00bbda9bd145-7d57-42f9-97ac-22a1d6f3e9d0&#8243; text_font=\u00bbTimes New Roman||||||||\u00bb text_text_color=\u00bbgcid-4fe685fa-06b6-443e-bda9-38f46204e3ef\u00bb text_line_height=\u00bb1em\u00bb ul_font_size=\u00bb15px\u00bb header_4_text_color=\u00bbgcid-4fe685fa-06b6-443e-bda9-38f46204e3ef\u00bb text_orientation=\u00bbcenter\u00bb global_colors_info=\u00bb{%22gcid-4fe685fa-06b6-443e-bda9-38f46204e3ef%22:%91%22header_4_text_color%22,%22text_text_color%22%93}\u00bb]<\/p>\n<h4 class=\"tw-data-text tw-text-large tw-ta\" data-placeholder=\"Translation\" id=\"tw-target-text\" dir=\"ltr\"><span class=\"Y2IQFc\" lang=\"es\">Servicios <\/span><\/h4>\n<p class=\"tw-data-text tw-text-large tw-ta\" data-placeholder=\"Translation\" dir=\"ltr\"><span class=\"Y2IQFc\" lang=\"es\">Excursiones personalizadas <\/span><\/p>\n<p class=\"tw-data-text tw-text-large tw-ta\" data-placeholder=\"Translation\" dir=\"ltr\"><span class=\"Y2IQFc\" lang=\"es\">Excursiones fuera de nuestro programa <\/span><\/p>\n<p class=\"tw-data-text tw-text-large tw-ta\" data-placeholder=\"Translation\" dir=\"ltr\"><span class=\"Y2IQFc\" lang=\"es\">Informaci\u00f3n de la isla <\/span><\/p>\n<p class=\"tw-data-text tw-text-large tw-ta\" data-placeholder=\"Translation\" dir=\"ltr\"><span class=\"Y2IQFc\" lang=\"es\">Reserva de traslado<\/span><\/p>\n<p>[\/et_pb_text][\/et_pb_column][\/et_pb_row][\/et_pb_section]<\/p>\n","protected":false},"excerpt":{"rendered":"<p>Galer\u00eda \u00abRecorrido por nuestra galer\u00eda\u00bbEnlaces r\u00e1pidos Inicio Sobre nosotros Contacto Galer\u00eda Pol\u00edtica de privacidad Descargo de responsabilidadServicios Excursiones personalizadas Excursiones fuera de nuestro programa Informaci\u00f3n de la isla Reserva de traslado<\/p>\n","protected":false},"author":1,"featured_media":0,"parent":0,"menu_order":0,"comment_status":"closed","ping_status":"closed","template":"","meta":{"_et_pb_use_builder":"on","_et_pb_old_content":"","_et_gb_content_width":"","_coblocks_attr":"","_coblocks_dimensions":"","_coblocks_responsive_height":"","_coblocks_accordion_ie_support":"","footnotes":""},"class_list":["post-581","page","type-page","status-publish","hentry"],"_links":{"self":[{"href":"https:\/\/quinto-pino.com\/es\/wp-json\/wp\/v2\/pages\/581","targetHints":{"allow":["GET"]}}],"collection":[{"href":"https:\/\/quinto-pino.com\/es\/wp-json\/wp\/v2\/pages"}],"about":[{"href":"https:\/\/quinto-pino.com\/es\/wp-json\/wp\/v2\/types\/page"}],"author":[{"embeddable":true,"href":"https:\/\/quinto-pino.com\/es\/wp-json\/wp\/v2\/users\/1"}],"replies":[{"embeddable":true,"href":"https:\/\/quinto-pino.com\/es\/wp-json\/wp\/v2\/comments?post=581"}],"version-history":[{"count":8,"href":"https:\/\/quinto-pino.com\/es\/wp-json\/wp\/v2\/pages\/581\/revisions"}],"predecessor-version":[{"id":1055,"href":"https:\/\/quinto-pino.com\/es\/wp-json\/wp\/v2\/pages\/581\/revisions\/1055"}],"wp:attachment":[{"href":"https:\/\/quinto-pino.com\/es\/wp-json\/wp\/v2\/media?parent=581"}],"curies":[{"name":"wp","href":"https:\/\/api.w.org\/{rel}","templated":true}]}}